{"id":6,"date":"2008-01-02T19:10:35","date_gmt":"2008-01-02T18:10:35","guid":{"rendered":"http:\/\/www.metaversa.de\/island\/?page_id=6"},"modified":"2008-10-10T21:20:52","modified_gmt":"2008-10-10T20:20:52","slug":"wintercamp-08","status":"publish","type":"page","link":"http:\/\/www.metaversa.de\/island\/?page_id=6","title":{"rendered":"Wintercamp &#8217;08"},"content":{"rendered":"<p>Bericht vom Metaversa Wintercamp 2. &#8211; 4.1.2008<\/p>\n<p>Im November 2007 ging die Metaversa Insel im Teen Second Life online. In Kooperation mit Netzcheckers.de wird hier durch den Berliner Bildungsverein Metaversa e.V. erstmals auch deutschsprachigen Jugendlichen die M\u00c3\u00b6glichkeit gegeben, sich im bisher amerikanisch dominierten Teen Second Life zu treffen und auszutauschen. Langfristiges Ziel ist der Aufbau einer selbstorganisierten Jugendcommunity auf der Insel. Metaversa und Netzcheckers stellen daf\u00c3\u00bcr das Land, technische und administrative Unterst\u00c3\u00bctzung zur Verf\u00c3\u00bcgung.<\/p>\n<p>Ziel des ersten und ausschlie\u00c3\u0178lich online durchgef\u00c3\u00bchrten Workshops war es, gemeinsam mit den TeilnehmerInnen eine erste Struktur f\u00c3\u00bcr den Aufbau der Community zu entwickeln. Dazu geh\u00c3\u00b6rt insbesondere die Rechtevergabe, die Vergabe von Land zum Bauen von Geb\u00c3\u00a4uden und das Aufstellen von Regeln.<\/p>\n<p>F\u00c3\u00bcr Jugendliche, die zum erstenmal Second Life betreten, sollte es eine Einf\u00c3\u00bchrung in die wichtigsten Funktionen geben: Gestaltung der Avatare, Bau von dreidimensionalen Objekten.<\/p>\n<p>Zur Teilnahme geworben wurde \u00c3\u00bcber das Jugendportal netzcheckers.de und die von Metaversa e.V. betreute Cyberland-Jugendcommunity. Im Teen Second Life selber bestand sehr schnell Kontakt zu deutschen Jugendlichen, die dort schon l\u00c3\u00a4nger Accounts haben und sehr begeistert von der Idee einer deutschsprachigen Insel waren.<\/p>\n<p>Am dreit\u00c3\u00a4gigen Workshop nahmen insgesamt 12 Jugendliche teil. Jeweils von 10 \u00e2\u20ac\u201c 14 Uhr fanden von Workshopleiter Ziggy\/Michael Lange angeleitete Aktivit\u00c3\u00a4ten, Gespr\u00c3\u00a4che und Vortr\u00c3\u00a4ge statt. Am Nachmittag konnten die TeilnehmerInnen gestellte Aufgaben erledigen.<\/p>\n<p><a href=\"http:\/\/www.flickr.com\/photos\/metaversa\/2158963042\/\" title=\"workshop_gruppe_start.jpg von metaversa bei Flickr\"><img loading=\"lazy\" src=\"http:\/\/farm3.static.flickr.com\/2173\/2158963042_c909b4e6ea.jpg\" width=\"500\" height=\"328\" alt=\"workshop_gruppe_start.jpg\" \/><\/a><\/p>\n<p>Ein Teil des Workshops bestand im Vermitteln von Wissen \u00c3\u00bcber die Bedienung des Second Life Programms, da einige der TeilnehmerInnen neu in der 3D-Welt waren. Dabei ging es u.a. darum seinen eigenen Avatar zu gestalten. Aufgabe am Ende des Tages war es dann, ein Foto des Avatars zu machen. Dazu wurde ein virtuelles Fotostudio aufgebaut, das es erm\u00c3\u00b6glichte verschiedene Hintergr\u00c3\u00bcnde und Lichteffekte zu w\u00c3\u00a4hlen.<\/p>\n<p>Am zweiten Tag stand das Erbauen eigener 3D-Objekte im Vordergrund. Die Aufgabe f\u00c3\u00bcr den Nachmitag lautete entsprechend ein typisch deutsches Objekt zu konstruieren, das ausl\u00c3\u00a4ndische BesucherInnen der Insel als Geschenk erhalten konnten. Das beste Objekt wurde am n\u00c3\u00a4chsten Tag gemeinsam von der Workshopgruppe gek\u00c3\u00bcrt.<\/p>\n<p><a href=\"http:\/\/www.flickr.com\/photos\/metaversa\/2166951242\/\" title=\"tag3_bauen5.jpg von metaversa bei Flickr\"><img loading=\"lazy\" src=\"http:\/\/farm3.static.flickr.com\/2050\/2166951242_a3a87eb1f6.jpg\" width=\"500\" height=\"379\" alt=\"tag3_bauen5.jpg\" \/><\/a><\/p>\n<p>Im inhatlichen Teil ging es darum gemeinsam Strukturen f\u00c3\u00bcr den Aufbau einer Community zu entwickeln. Am Ende des Workshops wurden f\u00c3\u00bcnf Gruppen gegr\u00c3\u00bcndet, die sich selbst\u00c3\u00a4ndig bis zum n\u00c3\u00a4chsten Workshop um spezielle Aufgaben k\u00c3\u00bcmmern sollen: Eventorganisation, Information neuer Communitymitglieder, Inselgestaltung, Kontakt zu nicht-deutschen Jugendcommunitys im Teen Second Life und Entwicklung von Regeln.<\/p>\n<p><a href=\"http:\/\/www.flickr.com\/photos\/metaversa\/2166950846\/\" title=\"tag3_whiteboard.jpg von metaversa bei Flickr\"><img loading=\"lazy\" src=\"http:\/\/farm3.static.flickr.com\/2119\/2166950846_7f8d2ddaa6.jpg\" width=\"500\" height=\"379\" alt=\"tag3_whiteboard.jpg\" \/><\/a><\/p>\n<p>Den jugendlichen TeilnehmerInnen hat der Workshop nach eigenen Angaben sehr viel Spa\u00c3\u0178 gemacht. Trotz mit realen Workshops vergleichbarer Methodik nahmen sie die Tage nicht als Bildungsveranstaltung wahr. Obwohl alle Kontakte nur virtuell im TSL erfolgten, war die Verbindlichkeit der Teilnahme sehr hoch.<\/p>\n<p><a href=\"http:\/\/www.flickr.com\/photos\/metaversa\/2166158271\/\" title=\"tag3_gruppe1.jpg von metaversa bei Flickr\"><img loading=\"lazy\" src=\"http:\/\/farm3.static.flickr.com\/2244\/2166158271_9e63ee3b8f.jpg\" width=\"500\" height=\"327\" alt=\"tag3_gruppe1.jpg\" \/><\/a><\/p>\n","protected":false},"excerpt":{"rendered":"<p>Bericht vom Metaversa Wintercamp 2. &#8211; 4.1.2008 Im November 2007 ging die Metaversa Insel im Teen Second Life online. In Kooperation mit Netzcheckers.de wird hier durch den Berliner Bildungsverein Metaversa e.V. erstmals auch deutschsprachigen Jugendlichen die M\u00c3\u00b6glichkeit gegeben, sich im bisher amerikanisch dominierten Teen Second Life zu treffen und auszutauschen. Langfristiges Ziel ist der Aufbau einer selbstorganisierten Jugendcommunity auf der Insel. Metaversa und Netzcheckers stellen daf\u00c3\u00bcr das Land, technische und administrative Unterst\u00c3\u00bctzung zur Verf\u00c3\u00bcgung. Ziel des ersten und ausschlie\u00c3\u0178lich online durchgef\u00c3\u00bchrten Workshops war es, gemeinsam mit den TeilnehmerInnen eine erste Struktur f\u00c3\u00bcr den Aufbau der Community zu entwickeln. Dazu geh\u00c3\u00b6rt insbesondere die Rechtevergabe, die Vergabe von Land zum Bauen von [&#8230;]<\/p>\n","protected":false},"author":2,"featured_media":0,"parent":0,"menu_order":0,"comment_status":"closed","ping_status":"closed","template":"","meta":[],"_links":{"self":[{"href":"http:\/\/www.metaversa.de\/island\/index.php?rest_route=\/wp\/v2\/pages\/6"}],"collection":[{"href":"http:\/\/www.metaversa.de\/island\/index.php?rest_route=\/wp\/v2\/pages"}],"about":[{"href":"http:\/\/www.metaversa.de\/island\/index.php?rest_route=\/wp\/v2\/types\/page"}],"author":[{"embeddable":true,"href":"http:\/\/www.metaversa.de\/island\/index.php?rest_route=\/wp\/v2\/users\/2"}],"replies":[{"embeddable":true,"href":"http:\/\/www.metaversa.de\/island\/index.php?rest_route=%2Fwp%2Fv2%2Fcomments&post=6"}],"version-history":[{"count":0,"href":"http:\/\/www.metaversa.de\/island\/index.php?rest_route=\/wp\/v2\/pages\/6\/revisions"}],"wp:attachment":[{"href":"http:\/\/www.metaversa.de\/island\/index.php?rest_route=%2Fwp%2Fv2%2Fmedia&parent=6"}],"curies":[{"name":"wp","href":"https:\/\/api.w.org\/{rel}","templated":true}]}}